{"id":251859,"date":"2024-11-16T16:27:16","date_gmt":"2024-11-16T15:27:16","guid":{"rendered":"https:\/\/juweldesmeeres.com\/reservar1\/"},"modified":"2024-12-16T19:20:14","modified_gmt":"2024-12-16T18:20:14","slug":"reservar1","status":"publish","type":"page","link":"https:\/\/juweldesmeeres.com\/es\/reservar1\/","title":{"rendered":"Reservar1"},"content":{"rendered":"<p>[et_pb_section fb_built=&#8221;1&#8243; _builder_version=&#8221;4.27.3&#8243; _module_preset=&#8221;default&#8221; global_colors_info=&#8221;{}&#8221;][et_pb_row _builder_version=&#8221;4.27.3&#8243; _module_preset=&#8221;default&#8221; global_colors_info=&#8221;{}&#8221;][et_pb_column type=&#8221;4_4&#8243; _builder_version=&#8221;4.27.3&#8243; _module_preset=&#8221;default&#8221; pac_dcm_carousel_specific_module_num=&#8221;0&#8243; global_colors_info=&#8221;{}&#8221;][et_pb_text admin_label=&#8221;titel&#8221; _builder_version=&#8221;4.27.4&#8243; _module_preset=&#8221;default&#8221; text_font=&#8221;Poppins|600|||||||&#8221; text_font_size=&#8221;39px&#8221; hover_enabled=&#8221;0&#8243; global_colors_info=&#8221;{}&#8221; text_font_size_last_edited=&#8221;on|phone&#8221; sticky_enabled=&#8221;0&#8243; text_font_size_phone=&#8221;33px&#8221; text_line_height=&#8221;1.1em&#8221; text_font_size_tablet=&#8221;39px&#8221;]<\/p>\n<p>Reservar apartamento 1<\/p>\n<p>[\/et_pb_text][\/et_pb_column][\/et_pb_row][et_pb_row column_structure=&#8221;3_4,1_4&#8243; _builder_version=&#8221;4.27.3&#8243; _module_preset=&#8221;default&#8221; global_colors_info=&#8221;{}&#8221;][et_pb_column type=&#8221;3_4&#8243; _builder_version=&#8221;4.27.3&#8243; _module_preset=&#8221;default&#8221; pac_dcm_carousel_specific_module_num=&#8221;0&#8243; global_colors_info=&#8221;{}&#8221;][et_pb_text content_tablet=&#8221;<\/p>\n<p>Consulta f\u00e1cilmente la disponibilidad del Apartamento 2b revisando el calendario al lado. Si las fechas est\u00e1n disponibles, aparecer\u00e1 un precio en el formulario de reserva y al final del mismo aparecer\u00e1 un bot\u00f3n que indica que esas fechas se pueden reservar. <\/p>\n<p>\u00bfNo puedes realizar la reserva o tienes preguntas? No dudes en contactarnos a trav\u00e9s de <a href=%22mailto:info@juweldesmeeres.com%22>info@juweldesmeeres.com<\/a>. \u00a1Estaremos encantados de ayudarte!  <\/p>\n<p>&#8221; content_phone=&#8221;<\/p>\n<p>Consulta f\u00e1cilmente la disponibilidad del Apartamento 1 revisando el calendario al final del formulario de reserva. Si las fechas est\u00e1n disponibles, aparecer\u00e1 un precio en el formulario de reserva y al final del mismo aparecer\u00e1 un bot\u00f3n que indica que esas fechas se pueden reservar. <\/p>\n<p>\u00bfNo puedes realizar la reserva o tienes preguntas? No dudes en contactarnos a trav\u00e9s de <a href=%22mailto:info@juweldesmeeres.com%22>info@juweldesmeeres.com<\/a>. \u00a1Estaremos encantados de ayudarte!  <\/p>\n<p>&#8221; content_last_edited=&#8221;on|phone&#8221; _builder_version=&#8221;4.27.3&#8243; _module_preset=&#8221;default&#8221; text_font=&#8221;Poppins|300|||||||&#8221; hover_enabled=&#8221;0&#8243; global_colors_info=&#8221;{}&#8221; sticky_enabled=&#8221;0&#8243;]<\/p>\n<p>Consulta f\u00e1cilmente la disponibilidad del Apartamento 2b revisando el calendario al lado. Si las fechas est\u00e1n disponibles, aparecer\u00e1 un precio en el formulario de reserva y al final del mismo aparecer\u00e1 un bot\u00f3n que indica que esas fechas se pueden reservar. <\/p>\n<p>\u00bfNo puedes realizar la reserva o tienes preguntas? No dudes en contactarnos a trav\u00e9s de <a href=\"mailto:info@juweldesmeeres.com\">info@juweldesmeeres.com<\/a>. \u00a1Estaremos encantados de ayudarte!  <\/p>\n<p>[\/et_pb_text][et_pb_code admin_label=&#8221;formulario de reserva&#8221; _builder_version=&#8221;4.27.3&#8243; _module_preset=&#8221;default&#8221; global_colors_info=&#8221;{}&#8221;]<\/p>\n<div id=\"apartmentIframe2382308\"><!-- [et_pb_line_break_holder] --><script type=\"text\/javascript\" src=\"https:\/\/login.smoobu.com\/js\/Settings\/BookingToolIframe.js\"><\/script><!-- [et_pb_line_break_holder] --><script>BookingToolIframe.initialize({\"url\": \"https:\/\/login.smoobu.com\/en\/booking-tool\/iframe\/1026078\/2382308\", \"baseUrl\": \"https:\/\/login.smoobu.com\", \"target\": \"#apartmentIframe2382308\"})<\/script><!-- [et_pb_line_break_holder] --><\/div>\n<p>[\/et_pb_code][\/et_pb_column][et_pb_column type=&#8221;1_4&#8243; _builder_version=&#8221;4.27.3&#8243; _module_preset=&#8221;default&#8221; pac_dcm_carousel_specific_module_num=&#8221;0&#8243; global_colors_info=&#8221;{}&#8221;][et_pb_text _builder_version=&#8221;4.27.3&#8243; _module_preset=&#8221;default&#8221; text_font=&#8221;Poppins|500|||||||&#8221; text_font_size=&#8221;16px&#8221; global_colors_info=&#8221;{}&#8221;]<\/p>\n<p>Disponibilidad apartamento 1<\/p>\n<p>[\/et_pb_text][et_pb_text _builder_version=&#8221;4.27.3&#8243; _module_preset=&#8221;default&#8221; text_font=&#8221;Poppins|300|||||||&#8221; global_colors_info=&#8221;{}&#8221;]<\/p>\n<p>Todo lo que est\u00e1 en rojo est\u00e1 ocupado<\/p>\n<p>[\/et_pb_text][et_pb_code admin_label=&#8221;calendario&#8221; _builder_version=&#8221;4.27.3&#8243; _module_preset=&#8221;default&#8221; custom_css_free_form=&#8221;.multiCalendarWidget {||  max-width: 1000px !important;||  width: 100% !important;||  display: inline-table !important;||  background: #f9f9f9 !important;||  color: #000 !important;||  font: 300 100%\/1.5em &#8216;Poppins&#8217;, sans-serif !important;||  margin: 0 !important;||  padding-top: 20px !important;||  border-radius: 10px;||}||||.multiCalendarWidget .singleCalendarWidget table tbody, .multiCalendarWidget .singleCalendarWidget h2 table tbody {||  color: #666 !important;||  font-weight: 400;||}&#8221; global_colors_info=&#8221;{}&#8221;]<\/p>\n<div id=\"smoobuApartment2382308nl\" class=\"calendarWidget\">\n<div class=\"calendarContent\" data-load-calendar-url=\"https:\/\/login.smoobu.com\/nl\/cockpit\/widget\/single-calendar\/2382308\" data-verification=\"1c44c2fa7b414db4cdbc79ef29b3236d69e1c78d74f769af4319d27f4a1a2ca8\" data-baseurl=\"https:\/\/login.smoobu.com\" data-disable-css=\"false\"><\/div>\n<p> <script type=\"text\/javascript\" src=\"https:\/\/login.smoobu.com\/js\/Apartment\/CalendarWidget.js\"><\/script><\/div>\n<p>[\/et_pb_code][\/et_pb_column][\/et_pb_row][\/et_pb_section]<\/p>\n","protected":false},"excerpt":{"rendered":"<p>Reservar apartamento 1Consulta f\u00e1cilmente la disponibilidad del Apartamento 2b revisando el calendario al lado. Si las fechas est\u00e1n disponibles, aparecer\u00e1 un precio en el formulario de reserva y al final del mismo aparecer\u00e1 un bot\u00f3n que indica que esas fechas se pueden reservar. \u00bfNo puedes realizar la reserva o tienes preguntas? No dudes en contactarnos [&hellip;]<\/p>\n","protected":false},"author":1,"featured_media":0,"parent":0,"menu_order":0,"comment_status":"closed","ping_status":"closed","template":"","meta":{"_et_pb_use_builder":"on","_et_pb_old_content":"","_et_gb_content_width":"","footnotes":""},"class_list":["post-251859","page","type-page","status-publish","hentry"],"_links":{"self":[{"href":"https:\/\/juweldesmeeres.com\/es\/wp-json\/wp\/v2\/pages\/251859","targetHints":{"allow":["GET"]}}],"collection":[{"href":"https:\/\/juweldesmeeres.com\/es\/wp-json\/wp\/v2\/pages"}],"about":[{"href":"https:\/\/juweldesmeeres.com\/es\/wp-json\/wp\/v2\/types\/page"}],"author":[{"embeddable":true,"href":"https:\/\/juweldesmeeres.com\/es\/wp-json\/wp\/v2\/users\/1"}],"replies":[{"embeddable":true,"href":"https:\/\/juweldesmeeres.com\/es\/wp-json\/wp\/v2\/comments?post=251859"}],"version-history":[{"count":6,"href":"https:\/\/juweldesmeeres.com\/es\/wp-json\/wp\/v2\/pages\/251859\/revisions"}],"predecessor-version":[{"id":252279,"href":"https:\/\/juweldesmeeres.com\/es\/wp-json\/wp\/v2\/pages\/251859\/revisions\/252279"}],"wp:attachment":[{"href":"https:\/\/juweldesmeeres.com\/es\/wp-json\/wp\/v2\/media?parent=251859"}],"curies":[{"name":"wp","href":"https:\/\/api.w.org\/{rel}","templated":true}]}}