{"id":251893,"date":"2024-11-23T21:18:54","date_gmt":"2024-11-23T20:18:54","guid":{"rendered":"https:\/\/juweldesmeeres.com\/charco-del-palo\/"},"modified":"2025-02-12T20:33:57","modified_gmt":"2025-02-12T19:33:57","slug":"charco-del-palo","status":"publish","type":"page","link":"https:\/\/juweldesmeeres.com\/es\/charco-del-palo\/","title":{"rendered":"Charco del Palo"},"content":{"rendered":"<p>[et_pb_section fb_built=&#8221;1&#8243; fullwidth=&#8221;on&#8221; _builder_version=&#8221;4.27.3&#8243; _module_preset=&#8221;default&#8221; global_colors_info=&#8221;{}&#8221;][et_pb_fullwidth_header _builder_version=&#8221;4.27.3&#8243; _module_preset=&#8221;default&#8221; background_enable_color=&#8221;off&#8221; background_image=&#8221;https:\/\/juweldesmeeres.com\/wp-content\/uploads\/2024\/11\/221.jpg&#8221; custom_css_main_element=&#8221;min-height:50vh;&#8221; global_colors_info=&#8221;{}&#8221;][\/et_pb_fullwidth_header][\/et_pb_section][et_pb_section fb_built=&#8221;1&#8243; _builder_version=&#8221;4.27.3&#8243; _module_preset=&#8221;default&#8221; global_colors_info=&#8221;{}&#8221;][et_pb_row column_structure=&#8221;1_5,3_5,1_5&#8243; _builder_version=&#8221;4.27.3&#8243; _module_preset=&#8221;default&#8221; global_colors_info=&#8221;{}&#8221;][et_pb_column type=&#8221;1_5&#8243; _builder_version=&#8221;4.27.3&#8243; _module_preset=&#8221;default&#8221; pac_dcm_carousel_specific_module_num=&#8221;0&#8243; global_colors_info=&#8221;{}&#8221;][\/et_pb_column][et_pb_column type=&#8221;3_5&#8243; _builder_version=&#8221;4.27.3&#8243; _module_preset=&#8221;default&#8221; pac_dcm_carousel_specific_module_num=&#8221;0&#8243; global_colors_info=&#8221;{}&#8221;][et_pb_text admin_label=&#8221;boventitel&#8221; _builder_version=&#8221;4.27.4&#8243; _module_preset=&#8221;default&#8221; text_font=&#8221;Caveat|500|on||||||&#8221; text_text_color=&#8221;#000000&#8243; text_font_size=&#8221;30px&#8221; custom_margin=&#8221;||21px||false|false&#8221; global_colors_info=&#8221;{}&#8221;]la joya escondida de lanzarote[\/et_pb_text][et_pb_text admin_label=&#8221;Titel&#8221; _builder_version=&#8221;4.27.4&#8243; _module_preset=&#8221;default&#8221; text_font=&#8221;Poppins|600|||||||&#8221; text_text_color=&#8221;#000000&#8243; text_font_size=&#8221;39px&#8221; text_line_height=&#8221;1.3em&#8221; global_colors_info=&#8221;{}&#8221;]Charco del Palo[\/et_pb_text][et_pb_text _builder_version=&#8221;4.27.4&#8243; _module_preset=&#8221;default&#8221; text_font=&#8221;Poppins|300|||||||&#8221; global_colors_info=&#8221;{}&#8221;]Charco del Palo est\u00e1 situado en la escarpada costa noreste de Lanzarote y ofrece una experiencia \u00fanica y especial para los amantes de la naturaleza y aquellos que buscan tranquilidad. Este peque\u00f1o y encantador pueblo est\u00e1 ubicado directamente junto al mar, pero no cuenta con una playa de arena tradicional. En su lugar, hay una escalera que da acceso al oc\u00e9ano, as\u00ed como dos hermosas piscinas naturales. En las calas protegidas, los visitantes pueden nadar y tomar el sol mientras disfrutan del refrescante agua del Atl\u00e1ntico. <br \/>El pueblo est\u00e1 rodeado de un paisaje volc\u00e1nico y extensas dunas, lo que contribuye a la atm\u00f3sfera especial de Charco del Palo. El pueblo es naturista, y esta aceptaci\u00f3n crea una atm\u00f3sfera relajada y libre que se siente en todas partes. Para las necesidades diarias, los visitantes pueden dirigirse al Centro Comercial, donde se requiere vestimenta. All\u00ed encontrar\u00e1s un peque\u00f1o supermercado bien abastecido, un centro de masajes, un bar de tapas, una cafeter\u00eda y un punto de servicios: Goodtime Girls. <br \/>Charco del Palo est\u00e1 algo apartado, por lo que, para aquellos que quieran explorar la isla, se recomienda alquilar un coche. El pueblo se encuentra a 21 km, o aproximadamente 30 minutos en coche, del aeropuerto. Hay aparcamiento gratuito disponible en el pueblo y junto a los apartamentos.[\/et_pb_text][et_pb_image src=&#8221;https:\/\/juweldesmeeres.com\/wp-content\/uploads\/2024\/11\/charcocollage1.jpg&#8221; title_text=&#8221;charcocollage1&#8243; _builder_version=&#8221;4.27.4&#8243; _module_preset=&#8221;default&#8221; global_colors_info=&#8221;{}&#8221;][\/et_pb_image][et_pb_text admin_label=&#8221;boventitel&#8221; _builder_version=&#8221;4.27.4&#8243; _module_preset=&#8221;default&#8221; text_font=&#8221;Caveat|500|on||||||&#8221; text_text_color=&#8221;#000000&#8243; text_font_size=&#8221;30px&#8221; custom_margin=&#8221;||21px||false|false&#8221; global_colors_info=&#8221;{}&#8221;]<\/p>\n<p>un pueblo naturista en armon\u00eda con la naturaleza<\/p>\n<p>[\/et_pb_text][et_pb_text admin_label=&#8221;Tekst&#8221; _builder_version=&#8221;4.27.4&#8243; _module_preset=&#8221;default&#8221; text_font=&#8221;Poppins|300|||||||&#8221; global_colors_info=&#8221;{}&#8221;]<\/p>\n<p>Charco del Palo es un lugar \u00fanico en la isla de Lanzarote, donde la naturaleza y la libertad del nudismo van de la mano. Este pueblo especial es el \u00fanico en la isla que est\u00e1 completamente aceptado como un destino naturista. Aqu\u00ed puedes disfrutar de la vida con total libertad y tranquilidad, sin ropa, en medio de la naturaleza virgen.  <\/p>\n<p>\u00bfQu\u00e9 significa estar en un pueblo naturista? En Charco del Palo, el nudismo no solo est\u00e1 permitido, sino que es una parte integral de la cultura y el estilo de vida. Los visitantes pueden relajarse por completo, tanto mental como f\u00edsicamente, al liberarse de las restricciones que a veces impone la ropa. Es un lugar donde puedes ser t\u00fa mismo, en un entorno respetuoso y abierto, donde la naturaleza en su forma m\u00e1s pura es el foco central.   <\/p>\n<p>El pueblo tiene una atm\u00f3sfera tranquila y ofrece diversas oportunidades para disfrutar del sol, el mar y el paisaje, todo sin las barreras de la ropa. Ya sea que quieras caminar, nadar o simplemente relajarte, Charco del Palo ofrece el escenario ideal para conectar contigo mismo y con la naturaleza que te rodea. <\/p>\n<p>[\/et_pb_text][et_pb_image src=&#8221;https:\/\/juweldesmeeres.com\/wp-content\/uploads\/2025\/02\/charcocollage3.jpg&#8221; title_text=&#8221;charcocollage3&#8243; _builder_version=&#8221;4.27.4&#8243; _module_preset=&#8221;default&#8221; hover_enabled=&#8221;0&#8243; global_colors_info=&#8221;{}&#8221; sticky_enabled=&#8221;0&#8243;][\/et_pb_image][\/et_pb_column][et_pb_column type=&#8221;1_5&#8243; _builder_version=&#8221;4.27.3&#8243; _module_preset=&#8221;default&#8221; pac_dcm_carousel_specific_module_num=&#8221;0&#8243; global_colors_info=&#8221;{}&#8221;][\/et_pb_column][\/et_pb_row][et_pb_row column_structure=&#8221;1_3,2_3&#8243; _builder_version=&#8221;4.27.3&#8243; _module_preset=&#8221;default&#8221; global_colors_info=&#8221;{}&#8221;][et_pb_column type=&#8221;1_3&#8243; _builder_version=&#8221;4.27.3&#8243; _module_preset=&#8221;default&#8221; pac_dcm_carousel_specific_module_num=&#8221;0&#8243; global_colors_info=&#8221;{}&#8221;][\/et_pb_column][et_pb_column type=&#8221;2_3&#8243; _builder_version=&#8221;4.27.3&#8243; _module_preset=&#8221;default&#8221; pac_dcm_carousel_specific_module_num=&#8221;0&#8243; global_colors_info=&#8221;{}&#8221;][\/et_pb_column][\/et_pb_row][\/et_pb_section]<\/p>\n","protected":false},"excerpt":{"rendered":"<p>la joya escondida de lanzaroteCharco del PaloCharco del Palo est\u00e1 situado en la escarpada costa noreste de Lanzarote y ofrece una experiencia \u00fanica y especial para los amantes de la naturaleza y aquellos que buscan tranquilidad. Este peque\u00f1o y encantador pueblo est\u00e1 ubicado directamente junto al mar, pero no cuenta con una playa de arena [&hellip;]<\/p>\n","protected":false},"author":1,"featured_media":0,"parent":0,"menu_order":0,"comment_status":"closed","ping_status":"closed","template":"","meta":{"_et_pb_use_builder":"on","_et_pb_old_content":"","_et_gb_content_width":"","footnotes":""},"class_list":["post-251893","page","type-page","status-publish","hentry"],"_links":{"self":[{"href":"https:\/\/juweldesmeeres.com\/es\/wp-json\/wp\/v2\/pages\/251893","targetHints":{"allow":["GET"]}}],"collection":[{"href":"https:\/\/juweldesmeeres.com\/es\/wp-json\/wp\/v2\/pages"}],"about":[{"href":"https:\/\/juweldesmeeres.com\/es\/wp-json\/wp\/v2\/types\/page"}],"author":[{"embeddable":true,"href":"https:\/\/juweldesmeeres.com\/es\/wp-json\/wp\/v2\/users\/1"}],"replies":[{"embeddable":true,"href":"https:\/\/juweldesmeeres.com\/es\/wp-json\/wp\/v2\/comments?post=251893"}],"version-history":[{"count":4,"href":"https:\/\/juweldesmeeres.com\/es\/wp-json\/wp\/v2\/pages\/251893\/revisions"}],"predecessor-version":[{"id":252834,"href":"https:\/\/juweldesmeeres.com\/es\/wp-json\/wp\/v2\/pages\/251893\/revisions\/252834"}],"wp:attachment":[{"href":"https:\/\/juweldesmeeres.com\/es\/wp-json\/wp\/v2\/media?parent=251893"}],"curies":[{"name":"wp","href":"https:\/\/api.w.org\/{rel}","templated":true}]}}