{"id":252226,"date":"2024-12-15T16:59:00","date_gmt":"2024-12-15T15:59:00","guid":{"rendered":"https:\/\/juweldesmeeres.com\/informacion-de-la-reserva\/"},"modified":"2024-12-21T19:09:13","modified_gmt":"2024-12-21T18:09:13","slug":"informacion-de-la-reserva","status":"publish","type":"page","link":"https:\/\/juweldesmeeres.com\/es\/informacion-de-la-reserva\/","title":{"rendered":"Informaci\u00f3n de la reserva"},"content":{"rendered":"<p>[et_pb_section fb_built=&#8221;1&#8243; fullwidth=&#8221;on&#8221; disabled_on=&#8221;on|on|on&#8221; _builder_version=&#8221;4.27.4&#8243; _module_preset=&#8221;default&#8221; disabled=&#8221;on&#8221; global_colors_info=&#8221;{}&#8221;][et_pb_fullwidth_header _builder_version=&#8221;4.27.3&#8243; _module_preset=&#8221;default&#8221; background_enable_color=&#8221;off&#8221; background_image=&#8221;https:\/\/juweldesmeeres.com\/wp-content\/uploads\/2024\/11\/221.jpg&#8221; custom_css_main_element=&#8221;min-height:50vh;&#8221; global_colors_info=&#8221;{}&#8221;][\/et_pb_fullwidth_header][\/et_pb_section][et_pb_section fb_built=&#8221;1&#8243; _builder_version=&#8221;4.27.3&#8243; _module_preset=&#8221;default&#8221; global_colors_info=&#8221;{}&#8221;][et_pb_row column_structure=&#8221;1_5,3_5,1_5&#8243; module_id=&#8221;details&#8221; _builder_version=&#8221;4.27.4&#8243; _module_preset=&#8221;default&#8221; global_colors_info=&#8221;{}&#8221;][et_pb_column type=&#8221;1_5&#8243; _builder_version=&#8221;4.27.3&#8243; _module_preset=&#8221;default&#8221; pac_dcm_carousel_specific_module_num=&#8221;0&#8243; global_colors_info=&#8221;{}&#8221;][\/et_pb_column][et_pb_column type=&#8221;3_5&#8243; _builder_version=&#8221;4.27.3&#8243; _module_preset=&#8221;default&#8221; pac_dcm_carousel_specific_module_num=&#8221;0&#8243; global_colors_info=&#8221;{}&#8221;][et_pb_text admin_label=&#8221;Titel betalingsdetails&#8221; _builder_version=&#8221;4.27.4&#8243; _module_preset=&#8221;default&#8221; text_font=&#8221;Poppins|600|||||||&#8221; text_text_color=&#8221;#000000&#8243; text_font_size=&#8221;29px&#8221; text_line_height=&#8221;1.3em&#8221; global_colors_info=&#8221;{}&#8221;]Detalles de la reserva y el pago[\/et_pb_text][et_pb_text _builder_version=&#8221;4.27.4&#8243; _module_preset=&#8221;default&#8221; text_font=&#8221;Poppins|300|||||||&#8221; global_colors_info=&#8221;{}&#8221;]\u00bfPuedo reservar una opci\u00f3n?<br \/>\nEs posible reservar una opci\u00f3n para uno de los apartamentos.<br \/>\nLa duraci\u00f3n m\u00e1xima de la opci\u00f3n es de 3 d\u00edas. Puedes solicitar una opci\u00f3n por correo electr\u00f3nico o mediante el formulario de contacto. Responderemos lo m\u00e1s r\u00e1pido posible.[\/et_pb_text][\/et_pb_column][et_pb_column type=&#8221;1_5&#8243; _builder_version=&#8221;4.27.3&#8243; _module_preset=&#8221;default&#8221; pac_dcm_carousel_specific_module_num=&#8221;0&#8243; global_colors_info=&#8221;{}&#8221;][\/et_pb_column][\/et_pb_row][et_pb_row column_structure=&#8221;1_5,3_5,1_5&#8243; module_id=&#8221;annulering&#8221; _builder_version=&#8221;4.27.4&#8243; _module_preset=&#8221;default&#8221; global_colors_info=&#8221;{}&#8221;][et_pb_column type=&#8221;1_5&#8243; _builder_version=&#8221;4.27.3&#8243; _module_preset=&#8221;default&#8221; pac_dcm_carousel_specific_module_num=&#8221;0&#8243; global_colors_info=&#8221;{}&#8221;][\/et_pb_column][et_pb_column type=&#8221;3_5&#8243; _builder_version=&#8221;4.27.3&#8243; _module_preset=&#8221;default&#8221; pac_dcm_carousel_specific_module_num=&#8221;0&#8243; global_colors_info=&#8221;{}&#8221;][et_pb_text admin_label=&#8221;Titel annuleringsvoorwaarden&#8221; _builder_version=&#8221;4.27.4&#8243; _module_preset=&#8221;default&#8221; text_font=&#8221;Poppins|600|||||||&#8221; text_text_color=&#8221;#000000&#8243; text_font_size=&#8221;29px&#8221; text_line_height=&#8221;1.3em&#8221; global_colors_info=&#8221;{}&#8221;]Condiciones de cancelaci\u00f3n[\/et_pb_text][et_pb_text _builder_version=&#8221;4.27.4&#8243; _module_preset=&#8221;default&#8221; text_font=&#8221;Poppins|300|||||||&#8221; global_colors_info=&#8221;{}&#8221;]<\/p>\n<p>Aplicamos las siguientes condiciones de cancelaci\u00f3n:<\/p>\n<p>Hasta la fecha de inicio del per\u00edodo de alquiler acordada en la reserva, el cliente puede cancelar la reserva mediante una declaraci\u00f3n escrita al arrendador. La fecha en que el arrendador reciba la declaraci\u00f3n de cancelaci\u00f3n ser\u00e1 determinante. <\/p>\n<p>Se aplican los siguientes costos fijos de cancelaci\u00f3n:<\/p>\n<ul>\n<li>El 10% del precio de alquiler desde el momento de la firma del contrato, con un m\u00ednimo de \u20ac35, siempre se cobrar\u00e1 como tarifa administrativa.<\/li>\n<\/ul>\n<p>[\/et_pb_text][tfdt_module admin_label=&#8221;annuleringsopties&#8221; _builder_version=&#8221;4.27.4&#8243; _module_preset=&#8221;default&#8221; hover_enabled=&#8221;0&#8243; global_colors_info=&#8221;{}&#8221; sticky_enabled=&#8221;0&#8243;][tfdt_module_row text1=&#8221;En caso de cancelaci\u00f3n:&#8221; _builder_version=&#8221;4.27.4&#8243; _module_preset=&#8221;default&#8221; hover_enabled=&#8221;0&#8243; global_colors_info=&#8221;{}&#8221; sticky_enabled=&#8221;0&#8243;][\/tfdt_module_row][tfdt_module_row text1=&#8221;De 75 a 61 d\u00edas antes de la llegada&#8221; text2=&#8221;El 20% de los costos de la reserva&#8221; _builder_version=&#8221;4.27.4&#8243; _module_preset=&#8221;default&#8221; hover_enabled=&#8221;0&#8243; global_colors_info=&#8221;{}&#8221; sticky_enabled=&#8221;0&#8243;][\/tfdt_module_row][tfdt_module_row text1=&#8221;60 d\u00edas antes de la llegada&#8221; text2=&#8221;El 30% de los costos de la reserva&#8221; _builder_version=&#8221;4.27.4&#8243; _module_preset=&#8221;default&#8221; hover_enabled=&#8221;0&#8243; global_colors_info=&#8221;{}&#8221; sticky_enabled=&#8221;0&#8243;][\/tfdt_module_row][tfdt_module_row text1=&#8221;45 d\u00edas antes de la llegada&#8221; text2=&#8221;El 60% de los costos de la reserva&#8221; _builder_version=&#8221;4.27.4&#8243; _module_preset=&#8221;default&#8221; hover_enabled=&#8221;0&#8243; global_colors_info=&#8221;{}&#8221; sticky_enabled=&#8221;0&#8243;][\/tfdt_module_row][tfdt_module_row text1=&#8221;30 d\u00edas antes de la llegada&#8221; text2=&#8221;El 80% de los costos de la reserva&#8221; _builder_version=&#8221;4.27.4&#8243; _module_preset=&#8221;default&#8221; hover_enabled=&#8221;0&#8243; global_colors_info=&#8221;{}&#8221; sticky_enabled=&#8221;0&#8243;][\/tfdt_module_row][tfdt_module_row text1=&#8221;15 d\u00edas o menos antes de la llegada&#8221; text2=&#8221;El 95% de los costos de la reserva&#8221; _builder_version=&#8221;4.27.4&#8243; _module_preset=&#8221;default&#8221; hover_enabled=&#8221;0&#8243; global_colors_info=&#8221;{}&#8221; sticky_enabled=&#8221;0&#8243;][\/tfdt_module_row][\/tfdt_module][et_pb_text _builder_version=&#8221;4.27.4&#8243; _module_preset=&#8221;default&#8221; text_font=&#8221;Poppins|300|||||||&#8221; global_colors_info=&#8221;{}&#8221;]<\/p>\n<p>Se recomienda a los clientes contratar un seguro de viaje.<\/p>\n<p>[\/et_pb_text][\/et_pb_column][et_pb_column type=&#8221;1_5&#8243; _builder_version=&#8221;4.27.3&#8243; _module_preset=&#8221;default&#8221; pac_dcm_carousel_specific_module_num=&#8221;0&#8243; global_colors_info=&#8221;{}&#8221;][\/et_pb_column][\/et_pb_row][et_pb_row column_structure=&#8221;1_5,3_5,1_5&#8243; module_id=&#8221;betaal&#8221; _builder_version=&#8221;4.27.4&#8243; _module_preset=&#8221;default&#8221; global_colors_info=&#8221;{}&#8221;][et_pb_column type=&#8221;1_5&#8243; _builder_version=&#8221;4.27.3&#8243; _module_preset=&#8221;default&#8221; pac_dcm_carousel_specific_module_num=&#8221;0&#8243; global_colors_info=&#8221;{}&#8221;][\/et_pb_column][et_pb_column type=&#8221;3_5&#8243; _builder_version=&#8221;4.27.3&#8243; _module_preset=&#8221;default&#8221; pac_dcm_carousel_specific_module_num=&#8221;0&#8243; global_colors_info=&#8221;{}&#8221;][et_pb_text admin_label=&#8221;Titel betaalinstructies&#8221; _builder_version=&#8221;4.27.4&#8243; _module_preset=&#8221;default&#8221; text_font=&#8221;Poppins|600|||||||&#8221; text_text_color=&#8221;#000000&#8243; text_font_size=&#8221;29px&#8221; text_line_height=&#8221;1.3em&#8221; global_colors_info=&#8221;{}&#8221;]Instrucciones de pago[\/et_pb_text][et_pb_text _builder_version=&#8221;4.27.4&#8243; _module_preset=&#8221;default&#8221; text_font=&#8221;Poppins|300|||||||&#8221; global_colors_info=&#8221;{}&#8221;]\u00bfC\u00f3mo puedo pagar mi reserva?<br \/>\nRecibir\u00e1s un correo electr\u00f3nico con el asunto &#8220;Tu reserva ha sido aprobada&#8221;, que incluir\u00e1 una factura para que puedas pagar de forma r\u00e1pida y sencilla. Puedes pagar mediante transferencia bancaria SEPA. Aseg\u00farate de que la descripci\u00f3n se copie exactamente.<br \/>\nCuando debas realizar un pago inicial y un saldo restante, ten en cuenta que el c\u00f3digo de descripci\u00f3n var\u00eda por cada transacci\u00f3n. [\/et_pb_text][\/et_pb_column][et_pb_column type=&#8221;1_5&#8243; _builder_version=&#8221;4.27.3&#8243; _module_preset=&#8221;default&#8221; pac_dcm_carousel_specific_module_num=&#8221;0&#8243; global_colors_info=&#8221;{}&#8221;][\/et_pb_column][\/et_pb_row][\/et_pb_section]<\/p>\n","protected":false},"excerpt":{"rendered":"<p>Detalles de la reserva y el pago\u00bfPuedo reservar una opci\u00f3n? Es posible reservar una opci\u00f3n para uno de los apartamentos. La duraci\u00f3n m\u00e1xima de la opci\u00f3n es de 3 d\u00edas. Puedes solicitar una opci\u00f3n por correo electr\u00f3nico o mediante el formulario de contacto. Responderemos lo m\u00e1s r\u00e1pido posible.Condiciones de cancelaci\u00f3nAplicamos las siguientes condiciones de cancelaci\u00f3n: [&hellip;]<\/p>\n","protected":false},"author":1,"featured_media":0,"parent":0,"menu_order":0,"comment_status":"closed","ping_status":"closed","template":"","meta":{"_et_pb_use_builder":"on","_et_pb_old_content":"","_et_gb_content_width":"","footnotes":""},"class_list":["post-252226","page","type-page","status-publish","hentry"],"_links":{"self":[{"href":"https:\/\/juweldesmeeres.com\/es\/wp-json\/wp\/v2\/pages\/252226","targetHints":{"allow":["GET"]}}],"collection":[{"href":"https:\/\/juweldesmeeres.com\/es\/wp-json\/wp\/v2\/pages"}],"about":[{"href":"https:\/\/juweldesmeeres.com\/es\/wp-json\/wp\/v2\/types\/page"}],"author":[{"embeddable":true,"href":"https:\/\/juweldesmeeres.com\/es\/wp-json\/wp\/v2\/users\/1"}],"replies":[{"embeddable":true,"href":"https:\/\/juweldesmeeres.com\/es\/wp-json\/wp\/v2\/comments?post=252226"}],"version-history":[{"count":14,"href":"https:\/\/juweldesmeeres.com\/es\/wp-json\/wp\/v2\/pages\/252226\/revisions"}],"predecessor-version":[{"id":252600,"href":"https:\/\/juweldesmeeres.com\/es\/wp-json\/wp\/v2\/pages\/252226\/revisions\/252600"}],"wp:attachment":[{"href":"https:\/\/juweldesmeeres.com\/es\/wp-json\/wp\/v2\/media?parent=252226"}],"curies":[{"name":"wp","href":"https:\/\/api.w.org\/{rel}","templated":true}]}}