{"id":252618,"date":"2024-12-21T20:25:02","date_gmt":"2024-12-21T19:25:02","guid":{"rendered":"https:\/\/juweldesmeeres.com\/privacy\/"},"modified":"2024-12-22T23:24:55","modified_gmt":"2024-12-22T22:24:55","slug":"privacy","status":"publish","type":"page","link":"https:\/\/juweldesmeeres.com\/es\/privacy\/","title":{"rendered":"Privacy"},"content":{"rendered":"<p>[et_pb_section fb_built=&#8221;1&#8243; _builder_version=&#8221;4.27.4&#8243; _module_preset=&#8221;default&#8221; global_colors_info=&#8221;{}&#8221;][et_pb_row column_structure=&#8221;1_5,3_5,1_5&#8243; _builder_version=&#8221;4.27.4&#8243; _module_preset=&#8221;default&#8221; global_colors_info=&#8221;{}&#8221;][et_pb_column type=&#8221;1_5&#8243; _builder_version=&#8221;4.27.4&#8243; _module_preset=&#8221;default&#8221; pac_dcm_carousel_specific_module_num=&#8221;0&#8243; global_colors_info=&#8221;{}&#8221;][\/et_pb_column][et_pb_column type=&#8221;3_5&#8243; _builder_version=&#8221;4.27.4&#8243; _module_preset=&#8221;default&#8221; pac_dcm_carousel_specific_module_num=&#8221;0&#8243; global_colors_info=&#8221;{}&#8221;][et_pb_heading _builder_version=&#8221;4.27.4&#8243; _module_preset=&#8221;default&#8221; title=&#8221;Pol\u00edtica de privacidad&#8221; title_font=&#8221;Poppins|300|||||||&#8221; title_text_color=&#8221;#000000&#8243; hover_enabled=&#8221;0&#8243; sticky_enabled=&#8221;0&#8243;][\/et_pb_heading][et_pb_text _builder_version=&#8221;4.27.4&#8243; _module_preset=&#8221;default&#8221; hover_enabled=&#8221;0&#8243; global_colors_info=&#8221;{}&#8221; sticky_enabled=&#8221;0&#8243; text_font=&#8221;Poppins|300|||||||&#8221; text_text_color=&#8221;#000000&#8243;]<\/p>\n<p><strong>1. Resumen de privacidad Informaci\u00f3n general<\/strong><br \/>La siguiente informaci\u00f3n proporciona una visi\u00f3n general simple de lo que sucede con sus datos personales cuando visita este sitio web. Los datos personales son todos los datos que pueden utilizarse para identificarle personalmente. Para obtener informaci\u00f3n detallada sobre privacidad, consulte nuestra pol\u00edtica de privacidad que se encuentra a continuaci\u00f3n de este texto.<\/p>\n<p><strong>Recopilaci\u00f3n de datos en este sitio web<\/strong><br \/>\u00bfQui\u00e9n es responsable de la recopilaci\u00f3n de datos en este sitio web?<br \/>El procesamiento de datos en este sitio web lo lleva a cabo el operador del sitio web. Los datos de contacto del operador se pueden encontrar en la secci\u00f3n &#8220;Responsable&#8221; de esta pol\u00edtica de privacidad.<\/p>\n<p>\u00bfC\u00f3mo recopilamos sus datos?<br \/>Sus datos se recopilan en parte cuando nos los proporciona, por ejemplo, al ingresar datos en un formulario de contacto.<br \/>Otros datos se recopilan autom\u00e1ticamente o con su consentimiento cuando visita el sitio web mediante nuestros sistemas de TI. Estos son principalmente datos t\u00e9cnicos (por ejemplo, navegador de internet, sistema operativo o hora de la visita a la p\u00e1gina). La recopilaci\u00f3n de estos datos se realiza autom\u00e1ticamente tan pronto como entra en el sitio web.<\/p>\n<p>\u00bfPara qu\u00e9 usamos sus datos?<br \/>Una parte de los datos se recopila para garantizar una provisi\u00f3n sin errores del sitio web. Otros datos pueden ser utilizados para analizar su comportamiento de usuario. Si a trav\u00e9s del sitio web se pueden cerrar o iniciar contratos, los datos transmitidos tambi\u00e9n se procesar\u00e1n para ofertas de contrato, pedidos u otras solicitudes.<\/p>\n<p>\u00bfQu\u00e9 derechos tiene respecto a sus datos?<br \/>Usted tiene derecho en todo momento a obtener gratuitamente informaci\u00f3n sobre el origen, los destinatarios y el prop\u00f3sito de sus datos personales almacenados. Tambi\u00e9n tiene derecho a solicitar la correcci\u00f3n o eliminaci\u00f3n de estos datos. Si ha dado su consentimiento para el procesamiento de datos, puede revocar este consentimiento en cualquier momento para el futuro. Tambi\u00e9n tiene derecho a solicitar la restricci\u00f3n del procesamiento de sus datos personales bajo ciertas circunstancias. Adem\u00e1s, tiene derecho a presentar una queja ante la autoridad supervisora competente.<br \/>Puede ponerse en contacto con nosotros en cualquier momento para obtener m\u00e1s informaci\u00f3n sobre privacidad.<\/p>\n<p><strong>2. Alojamiento<\/strong><br \/>Almacenamos el contenido de nuestro sitio web con el siguiente proveedor: Strato<br \/>El proveedor es Strato AG, Otto-Ostrowski-Stra\u00dfe 7, 10249 Berl\u00edn (en adelante &#8220;Strato&#8221;). Cuando visita nuestro sitio web, Strato recoge varios archivos de registro, incluyendo sus direcciones IP.<br \/>Para m\u00e1s informaci\u00f3n, consulte la pol\u00edtica de privacidad de Strato: <a href=\"https:\/\/www.strato.de\/datenschutz\/\">https:\/\/www.strato.de\/datenschutz\/<\/a><\/p>\n<p>El uso de Strato se basa en el Art\u00edculo 6, apartado 1, letra f del Reglamento General de Protecci\u00f3n de Datos (RGPD). Tenemos un inter\u00e9s leg\u00edtimo en presentar nuestro sitio web de la forma m\u00e1s fiable posible. Si se solicita consentimiento, el procesamiento se llevar\u00e1 a cabo exclusivamente sobre la base del Art\u00edculo 6, apartado 1, letra a del RGPD y del \u00a7 25, apartado 1 de la Ley Alemana de Telecomunicaciones (TDDDG), en la medida en que el consentimiento cubra el almacenamiento de cookies o el acceso a la informaci\u00f3n en el dispositivo del usuario (por ejemplo, &#8220;device fingerprinting&#8221;) seg\u00fan lo definido en el TDDDG. El consentimiento puede ser retirado en cualquier momento.<\/p>\n<p><strong>Contrato de Procesamiento de Datos\u2028<\/strong><br \/>Hemos firmado un contrato de procesamiento de datos (DPA) para el uso del servicio mencionado anteriormente. Este es un contrato legalmente requerido que garantiza que el proveedor del servicio procese los datos personales de nuestros visitantes del sitio web solo seg\u00fan nuestras instrucciones y de acuerdo con el RGPD.<\/p>\n<p><strong>Informaci\u00f3n General y Obligaciones Legales sobre la Protecci\u00f3n de Datos<\/strong><br \/>Los operadores de este sitio web toman muy en serio la protecci\u00f3n de sus datos personales. Tratamos sus datos personales de manera confidencial y de acuerdo con las leyes de protecci\u00f3n de datos y con esta pol\u00edtica de privacidad.<br \/>Cuando utiliza este sitio web, se recopilan diversos datos personales. Los datos personales son aquellos con los que se le puede identificar personalmente. Esta pol\u00edtica de privacidad explica qu\u00e9 datos recopilamos y para qu\u00e9 los utilizamos. Tambi\u00e9n explica c\u00f3mo y con qu\u00e9 prop\u00f3sito se realiza el procesamiento.<br \/>Le advertimos que la transmisi\u00f3n de datos a trav\u00e9s de Internet (por ejemplo, al comunicarse por correo electr\u00f3nico) puede tener vulnerabilidades de seguridad. No es posible una protecci\u00f3n completa de los datos contra el acceso de terceros.<\/p>\n<p><strong>Responsable del Tratamiento de los Datos<\/strong><br \/>El responsable del tratamiento de los datos en este sitio web es:<br \/>Dorothee Wiederhold<br \/>Calle Cabrera Peraza 2<br \/>35543 Charco del Palo<br \/>Lanzarote<br \/>Espa\u00f1a<br \/>Tel\u00e9fono: +49 163 4039350<br \/>Correo electr\u00f3nico: info@juweldesmeeres.com<br \/>El responsable es la persona natural o jur\u00eddica que, de forma independiente o conjunta con otros, decide los fines y medios del tratamiento de los datos personales (por ejemplo, nombres, direcciones de correo electr\u00f3nico, etc.).<\/p>\n<p><strong>Periodo de Conservaci\u00f3n\u2028<\/strong><br \/>A menos que se indique un per\u00edodo de conservaci\u00f3n m\u00e1s espec\u00edfico en esta pol\u00edtica de privacidad, sus datos personales se conservar\u00e1n con nosotros hasta que el prop\u00f3sito del tratamiento de los datos ya no sea aplicable. Si presenta una solicitud v\u00e1lida de eliminaci\u00f3n o retira su consentimiento para el tratamiento de datos, sus datos ser\u00e1n eliminados, a menos que tengamos otras razones legales permitidas para almacenar sus datos personales (por ejemplo, plazos de conservaci\u00f3n fiscales o comerciales). En ese caso, la eliminaci\u00f3n se realizar\u00e1 una vez que dejen de aplicarse estas razones.<\/p>\n<p><strong>Informaci\u00f3n General sobre las Bases Legales para el Tratamiento de Datos en Este Sitio Web<\/strong><br \/>Si ha dado su consentimiento para el tratamiento de datos, procesamos sus datos personales en base al Art\u00edculo 6, apartado 1, letra a del RGPD o al Art\u00edculo 9, apartado 2, letra a del RGPD, si se procesan categor\u00edas especiales de datos seg\u00fan el Art\u00edculo 9, apartado 1 del RGPD. En el caso de un consentimiento expl\u00edcito para la transferencia de datos personales a terceros pa\u00edses, el tratamiento de datos tambi\u00e9n se lleva a cabo en base al Art\u00edculo 49, apartado 1, letra a del RGPD. Si ha dado su consentimiento para el almacenamiento de cookies o el acceso a informaci\u00f3n en su dispositivo (por ejemplo, a trav\u00e9s de &#8220;device fingerprinting&#8221;), el tratamiento de datos tambi\u00e9n se realiza en base al \u00a7 25, apartado 1 del TDDDG. El consentimiento puede ser retirado en cualquier momento.<br \/>Si sus datos son necesarios para la ejecuci\u00f3n de un contrato o para la realizaci\u00f3n de medidas precontractuales, procesamos sus datos con base en el Art\u00edculo 6, apartado 1, letra b del RGPD. Adem\u00e1s, procesamos sus datos si es necesario para cumplir con una obligaci\u00f3n legal, con base en el Art\u00edculo 6, apartado 1, letra c del RGPD. El tratamiento de datos tambi\u00e9n puede realizarse sobre la base de nuestro inter\u00e9s leg\u00edtimo seg\u00fan el Art\u00edculo 6, apartado 1, letra f del RGPD.<\/p>\n<p><strong>Transferencia de Datos a Pa\u00edses Fuera de la UE y a Empresas de EE. UU. No Certificadas Bajo el DPF<\/strong><br \/>Utilizamos herramientas de empresas ubicadas en pa\u00edses fuera de la UE que no tienen un nivel adecuado de protecci\u00f3n de datos, as\u00ed como herramientas de empresas de EE. UU. cuyos proveedores no est\u00e1n certificados bajo el EU-US Privacy Shield (DPF). Cuando estas herramientas est\u00e1n activas, sus datos personales pueden ser transferidos a estos pa\u00edses y procesados all\u00ed. Le advertimos que en pa\u00edses sin un nivel de protecci\u00f3n de datos comparable al de la UE no se pueden garantizar las mismas garant\u00edas para la privacidad.<br \/>Se considera que los Estados Unidos son un pa\u00eds tercero seguro, siempre que el destinatario est\u00e9 certificado bajo el &#8220;EU-US Data Privacy Framework&#8221; (DPF) o cuente con garant\u00edas adicionales apropiadas. La informaci\u00f3n sobre transferencias a terceros pa\u00edses, incluidos los destinatarios de los datos, se puede encontrar en esta pol\u00edtica de privacidad.<\/p>\n<p><strong>Destinatarios de los Datos Personales<\/strong><br \/>En el marco de nuestras actividades comerciales, trabajamos con varias partes externas. Esto puede requerir la transferencia de datos personales a estas partes externas. Solo compartimos datos personales con partes externas cuando sea necesario para la ejecuci\u00f3n de un contrato, cuando estemos legalmente obligados a hacerlo (por ejemplo, la transmisi\u00f3n de datos a las autoridades fiscales), cuando tengamos un inter\u00e9s leg\u00edtimo seg\u00fan el Art\u00edculo 6, apartado 1, letra f del RGPD, o cuando otra base legal permita la transferencia de datos. Al utilizar procesadores, solo compartimos datos personales sobre la base de un contrato de procesamiento de datos v\u00e1lido. En caso de procesamiento conjunto, se celebrar\u00e1 un contrato de procesamiento conjunto.<\/p>\n<p><strong>Retiro de su Consentimiento para el Tratamiento de Datos<\/strong><br \/>Muchos de los procesos de tratamiento de datos solo son posibles con su consentimiento expl\u00edcito. Puede retirar su consentimiento en cualquier momento. La legalidad del tratamiento de datos realizado hasta el momento de la retirada no se ver\u00e1 afectada por el retiro.<\/p>\n<p><strong>Derecho a oponerse al procesamiento de datos en casos especiales y al marketing directo (art. 21 del RGPD)<\/strong><br \/>Cuando el procesamiento de datos se basa en el art. 6(1)(e) o (f) del RGPD, tiene derecho a oponerse en cualquier momento al procesamiento de sus datos personales por razones relacionadas con su situaci\u00f3n particular; esto incluye la elaboraci\u00f3n de perfiles basada en estas disposiciones. Puede encontrar la base legal del procesamiento en esta declaraci\u00f3n de privacidad. Si se opone, no procesaremos m\u00e1s sus datos personales, a menos que podamos demostrar razones leg\u00edtimas y convincentes para el procesamiento que prevalezcan sobre sus intereses, derechos y libertades, o el procesamiento sea necesario para el establecimiento, ejercicio o defensa de reclamaciones legales (oposici\u00f3n seg\u00fan el art. 21(1) del RGPD).<br \/>Si sus datos personales se procesan con fines de marketing directo, tiene derecho a oponerse en cualquier momento al procesamiento de sus datos personales para dichos fines; esto incluye la elaboraci\u00f3n de perfiles en la medida en que est\u00e9 relacionada con dicho marketing directo. Si se opone, no utilizaremos m\u00e1s sus datos personales para marketing directo (oposici\u00f3n seg\u00fan el art. 21(2) del RGPD).<\/p>\n<p><strong>Derecho a presentar una queja ante la autoridad supervisora competente<\/strong><br \/>En caso de infracciones del RGPD, el interesado tiene derecho a presentar una queja ante una autoridad supervisora, especialmente en el Estado miembro de su residencia habitual, lugar de trabajo o lugar de la supuesta infracci\u00f3n. El derecho a presentar una queja es independiente de otros recursos administrativos o judiciales.<\/p>\n<p><strong>Derecho a la portabilidad de los datos<\/strong><br \/>Usted tiene derecho a recibir los datos personales que procesamos en base a su consentimiento o en el marco de un contrato en un formato estructurado, de uso com\u00fan y legible por m\u00e1quina, y a transmitir esos datos a otro responsable del tratamiento. Si solicita la transferencia directa de los datos a otro responsable del tratamiento, esto solo ocurrir\u00e1 si es t\u00e9cnicamente factible.<\/p>\n<p><strong>Informaci\u00f3n, rectificaci\u00f3n y supresi\u00f3n<\/strong><br \/>Usted tiene derecho a obtener informaci\u00f3n sobre sus datos personales almacenados, su origen, los destinatarios y la finalidad del procesamiento, y, en su caso, el derecho a corregir o suprimir estos datos. Puede ponerse en contacto con nosotros en cualquier momento para obtener m\u00e1s informaci\u00f3n sobre los datos personales.<\/p>\n<p><strong>Derecho a la limitaci\u00f3n del procesamiento<\/strong><br \/>Usted tiene derecho a solicitar la limitaci\u00f3n del procesamiento de sus datos personales. Puede ponerse en contacto con nosotros en cualquier momento. El derecho a la limitaci\u00f3n del procesamiento existe en los siguientes casos:<br \/>1. Si impugna la exactitud de sus datos personales almacenados con nosotros, generalmente necesitamos tiempo para verificarlo. Durante el proceso de verificaci\u00f3n, tiene derecho a solicitar la limitaci\u00f3n del procesamiento de sus datos personales.<br \/>2. Si el procesamiento de sus datos personales es il\u00edcito, puede solicitar la limitaci\u00f3n del procesamiento de los datos en lugar de su supresi\u00f3n.<br \/>3. Si ya no necesitamos sus datos personales, pero usted los necesita para la formulaci\u00f3n, ejercicio o defensa de reclamaciones legales, tiene derecho a solicitar la limitaci\u00f3n del procesamiento en lugar de su supresi\u00f3n.<br \/>4. Si ha presentado una objeci\u00f3n conforme al art. 21(1) del RGPD, debe realizarse un equilibrio entre sus intereses y los nuestros. Mientras no se determine qu\u00e9 intereses prevalecen, usted tiene derecho a solicitar la limitaci\u00f3n del procesamiento de sus datos personales.<br \/>Si ha limitado el procesamiento de sus datos personales, dichos datos solo podr\u00e1n procesarse \u2013 excepto para su almacenamiento \u2013 con su consentimiento o para la formulaci\u00f3n, ejercicio o defensa de reclamaciones legales, o para la protecci\u00f3n de los derechos de otra persona f\u00edsica o jur\u00eddica, o por razones de inter\u00e9s p\u00fablico importante de la Uni\u00f3n Europea o de un Estado miembro.<\/p>\n<p><strong>Cifrado SSL o TLS<\/strong><br \/>Esta p\u00e1gina utiliza cifrado SSL o TLS para proteger la transmisi\u00f3n de contenido confidencial, como pedidos o solicitudes que nos env\u00eda como operador del sitio web. Puede reconocer una conexi\u00f3n cifrada porque la barra de direcciones de su navegador cambia de &#8220;http:\/\/&#8221; a &#8220;https:\/\/&#8221; y por el s\u00edmbolo de un candado en la barra de direcciones de su navegador.<br \/>Si se habilita el cifrado SSL o TLS, los datos que nos env\u00ede no podr\u00e1n ser le\u00eddos por terceros.<\/p>\n<p><strong>4. Recopilaci\u00f3n de datos en este sitio web<\/strong><br \/><strong>Cookies<\/strong><br \/>Nuestro sitio web utiliza &#8220;cookies&#8221;. Las cookies son peque\u00f1os paquetes de datos que no da\u00f1an su dispositivo. Se almacenan temporalmente durante una sesi\u00f3n (cookies de sesi\u00f3n) o de forma permanente (cookies persistentes) en su dispositivo. Las cookies de sesi\u00f3n se eliminan autom\u00e1ticamente cuando termina su visita. Las cookies persistentes permanecen en su dispositivo hasta que las elimina o hasta que su navegador web las elimina autom\u00e1ticamente.<br \/>Las cookies pueden ser nuestras (cookies de primera parte) o de terceros (cookies de terceros). Las cookies de terceros nos permiten integrar servicios de terceros en sitios web (por ejemplo, cookies para servicios de pago).<br \/>Las cookies cumplen varias funciones. Muchas cookies son t\u00e9cnicamente necesarias, ya que ciertas funciones del sitio web no funcionar\u00edan sin ellas (por ejemplo, la funci\u00f3n del carrito de compras o la visualizaci\u00f3n de videos). Otras cookies se pueden utilizar para evaluar el comportamiento de los usuarios o para fines publicitarios.<br \/>Las cookies necesarias para la ejecuci\u00f3n del proceso de comunicaci\u00f3n electr\u00f3nica, para proporcionar ciertas funciones que usted solicita (por ejemplo, la funci\u00f3n del carrito de compras) o para optimizar el sitio web (por ejemplo, cookies para medir el tr\u00e1fico web) se almacenan con base en el art. 6(1)(f) del RGPD, a menos que se indique otra base legal. El operador del sitio web tiene un inter\u00e9s leg\u00edtimo en almacenar cookies necesarias para una entrega t\u00e9cnica sin fallos y optimizada de sus servicios. Si se solicita consentimiento para el almacenamiento de cookies y tecnolog\u00edas de reconocimiento similares, el procesamiento se realiza \u00fanicamente en base a este consentimiento (art. 6(1)(a) del RGPD y \u00a7 25(1) del TTDSG); el consentimiento puede retirarse en cualquier momento.<br \/>Puede configurar su navegador para que le notifique cuando se establezcan cookies y permitir cookies solo en casos espec\u00edficos, excluir la aceptaci\u00f3n de cookies en ciertos casos o en general, y activar la eliminaci\u00f3n autom\u00e1tica de cookies al cerrar el navegador. Desactivar las cookies puede limitar la funcionalidad de este sitio web.<br \/>Para informaci\u00f3n sobre qu\u00e9 cookies y servicios se utilizan en este sitio web, consulte esta declaraci\u00f3n de privacidad.<\/p>\n<p><strong>Formulario de contacto<\/strong><br \/>Si nos env\u00eda una solicitud a trav\u00e9s de un formulario de contacto, sus datos del formulario, incluidos los detalles de contacto proporcionados, se almacenar\u00e1n para procesar la solicitud y para futuras preguntas. No compartimos estos datos sin su consentimiento.<br \/>El procesamiento de estos datos se realiza con base en el art. 6(1)(b) del RGPD si su solicitud est\u00e1 relacionada con el cumplimiento de un contrato o es necesaria para medidas precontractuales. En otros casos, el procesamiento se basa en nuestro inter\u00e9s leg\u00edtimo en procesar eficazmente las solicitudes enviadas a nosotros (art. 6(1)(f) del RGPD) o en su consentimiento (art. 6(1)(a) del RGPD), si se solicita; el consentimiento puede retirarse en cualquier momento.<br \/>Los datos que ingrese en el formulario de contacto permanecer\u00e1n con nosotros hasta que nos solicite su eliminaci\u00f3n, retire su consentimiento para el almacenamiento o finalice el prop\u00f3sito del almacenamiento de los datos (por ejemplo, despu\u00e9s de procesar su solicitud). Las disposiciones legales obligatorias, especialmente los plazos de conservaci\u00f3n, permanecen intactas.<\/p>\n<p><strong>Solicitud por correo electr\u00f3nico, tel\u00e9fono o fax<\/strong><br \/>Si se pone en contacto con nosotros por correo electr\u00f3nico, tel\u00e9fono o fax, su consulta, incluidos todos los datos personales proporcionados (nombre, solicitud), se almacenar\u00e1n y procesar\u00e1n para responder a su consulta. No compartimos estos datos sin su consentimiento.<br \/>El procesamiento de estos datos se realiza con base en el art. 6(1)(b) del RGPD si su solicitud est\u00e1 relacionada con el cumplimiento de un contrato o es necesaria para medidas precontractuales. En otros casos, el procesamiento se basa en nuestro inter\u00e9s leg\u00edtimo en procesar eficazmente las solicitudes enviadas a nosotros (art. 6(1)(f) del RGPD) o en su consentimiento (art. 6(1)(a) del RGPD), si se solicita; el consentimiento puede retirarse en cualquier momento.<br \/>Los datos que env\u00ede a trav\u00e9s de consultas de contacto permanecer\u00e1n con nosotros hasta que nos solicite su eliminaci\u00f3n, retire su consentimiento para el almacenamiento o finalice el prop\u00f3sito del almacenamiento de los datos (por ejemplo, despu\u00e9s de procesar su solicitud). Las disposiciones legales obligatorias, especialmente los plazos de conservaci\u00f3n, permanecen intactas.<\/p>\n<p>[\/et_pb_text][\/et_pb_column][et_pb_column type=&#8221;1_5&#8243; _builder_version=&#8221;4.27.4&#8243; _module_preset=&#8221;default&#8221; pac_dcm_carousel_specific_module_num=&#8221;0&#8243; global_colors_info=&#8221;{}&#8221;][\/et_pb_column][\/et_pb_row][\/et_pb_section]<\/p>\n","protected":false},"excerpt":{"rendered":"<p>1. Resumen de privacidad Informaci\u00f3n generalLa siguiente informaci\u00f3n proporciona una visi\u00f3n general simple de lo que sucede con sus datos personales cuando visita este sitio web. Los datos personales son todos los datos que pueden utilizarse para identificarle personalmente. Para obtener informaci\u00f3n detallada sobre privacidad, consulte nuestra pol\u00edtica de privacidad que se encuentra a continuaci\u00f3n [&hellip;]<\/p>\n","protected":false},"author":1,"featured_media":0,"parent":0,"menu_order":0,"comment_status":"closed","ping_status":"closed","template":"","meta":{"_et_pb_use_builder":"on","_et_pb_old_content":"","_et_gb_content_width":"","footnotes":""},"class_list":["post-252618","page","type-page","status-publish","hentry"],"_links":{"self":[{"href":"https:\/\/juweldesmeeres.com\/es\/wp-json\/wp\/v2\/pages\/252618","targetHints":{"allow":["GET"]}}],"collection":[{"href":"https:\/\/juweldesmeeres.com\/es\/wp-json\/wp\/v2\/pages"}],"about":[{"href":"https:\/\/juweldesmeeres.com\/es\/wp-json\/wp\/v2\/types\/page"}],"author":[{"embeddable":true,"href":"https:\/\/juweldesmeeres.com\/es\/wp-json\/wp\/v2\/users\/1"}],"replies":[{"embeddable":true,"href":"https:\/\/juweldesmeeres.com\/es\/wp-json\/wp\/v2\/comments?post=252618"}],"version-history":[{"count":6,"href":"https:\/\/juweldesmeeres.com\/es\/wp-json\/wp\/v2\/pages\/252618\/revisions"}],"predecessor-version":[{"id":252723,"href":"https:\/\/juweldesmeeres.com\/es\/wp-json\/wp\/v2\/pages\/252618\/revisions\/252723"}],"wp:attachment":[{"href":"https:\/\/juweldesmeeres.com\/es\/wp-json\/wp\/v2\/media?parent=252618"}],"curies":[{"name":"wp","href":"https:\/\/api.w.org\/{rel}","templated":true}]}}