{"id":252988,"date":"2025-05-22T16:23:04","date_gmt":"2025-05-22T15:23:04","guid":{"rendered":"https:\/\/juweldesmeeres.com\/?page_id=252988"},"modified":"2025-05-22T17:39:27","modified_gmt":"2025-05-22T16:39:27","slug":"boekperle","status":"publish","type":"page","link":"https:\/\/juweldesmeeres.com\/nl\/boekperle\/","title":{"rendered":"boekperle"},"content":{"rendered":"<p>[et_pb_section fb_built=&#8221;1&#8243; _builder_version=&#8221;4.27.3&#8243; _module_preset=&#8221;default&#8221; global_colors_info=&#8221;{}&#8221; theme_builder_area=&#8221;post_content&#8221;][et_pb_row _builder_version=&#8221;4.27.3&#8243; _module_preset=&#8221;default&#8221; global_colors_info=&#8221;{}&#8221; theme_builder_area=&#8221;post_content&#8221;][et_pb_column type=&#8221;4_4&#8243; _builder_version=&#8221;4.27.3&#8243; _module_preset=&#8221;default&#8221; pac_dcm_carousel_specific_module_num=&#8221;0&#8243; global_colors_info=&#8221;{}&#8221; theme_builder_area=&#8221;post_content&#8221;][et_pb_text admin_label=&#8221;titel&#8221; _builder_version=&#8221;4.27.4&#8243; _module_preset=&#8221;default&#8221; text_font=&#8221;Poppins|600|||||||&#8221; text_font_size=&#8221;39px&#8221; text_line_height=&#8221;1.1em&#8221; text_font_size_tablet=&#8221;39px&#8221; text_font_size_phone=&#8221;33px&#8221; text_font_size_last_edited=&#8221;on|phone&#8221; global_colors_info=&#8221;{}&#8221; theme_builder_area=&#8221;post_content&#8221;]<\/p>\n<p>Boek Perle des Meeres<\/p>\n<p>[\/et_pb_text][\/et_pb_column][\/et_pb_row][et_pb_row column_structure=&#8221;3_4,1_4&#8243; _builder_version=&#8221;4.27.3&#8243; _module_preset=&#8221;default&#8221; global_colors_info=&#8221;{}&#8221; theme_builder_area=&#8221;post_content&#8221;][et_pb_column type=&#8221;3_4&#8243; _builder_version=&#8221;4.27.3&#8243; _module_preset=&#8221;default&#8221; pac_dcm_carousel_specific_module_num=&#8221;0&#8243; global_colors_info=&#8221;{}&#8221; theme_builder_area=&#8221;post_content&#8221;][et_pb_text content_tablet=&#8221;<\/p>\n<p>\u00dcberpr\u00fcfe ganz einfach die Verf\u00fcgbarkeit von Appartement 4b, indem du den Kalender hier nebenan einsehen.<br \/>\nWenn die Daten verf\u00fcgbar sind, wird im Buchungsformular ein Preis angezeigt und am unteren Ende des Formulars erscheint ein Button, der anzeigt, dass diese Daten tats\u00e4chlich buchbar sind. <\/p>\n<p>Klappt die Buchung nicht oder hast du Fragen?<br \/>\nZ\u00f6gere nicht, uns bei Fragen oder Problemen \u00fcber <a href=%22mailto:info@juweldesmeeres.com%22>info@juweldesmeeres.com<\/a> zu kontaktieren.<br \/>\nWir helfen dir gerne weiter!  <\/p>\n<p>&#8221; content_phone=&#8221;<\/p>\n<p>\u00dcberpr\u00fcfe ganz einfach die Verf\u00fcgbarkeit von Appartement 4b, indem du den Kalender am Ende des Buchungsformulars einsehen.<br \/>\nWenn die Daten verf\u00fcgbar sind, wird im Buchungsformular ein Preis angezeigt und am unteren Ende des Formulars erscheint ein Button, der anzeigt, dass diese Daten tats\u00e4chlich buchbar sind. <\/p>\n<p>Klappt die Buchung nicht oder hast du Fragen?<br \/>\nZ\u00f6gere nicht, uns bei Fragen oder Problemen \u00fcber <a href=%22mailto:info@juweldesmeeres.com%22>info@juweldesmeeres.com<\/a> zu kontaktieren.<br \/>\nWir helfen dir gerne weiter!  <\/p>\n<p>&#8221; content_last_edited=&#8221;on|phone&#8221; _builder_version=&#8221;4.27.4&#8243; _module_preset=&#8221;default&#8221; text_font=&#8221;Poppins|300|||||||&#8221; hover_enabled=&#8221;0&#8243; global_colors_info=&#8221;{}&#8221; theme_builder_area=&#8221;post_content&#8221; sticky_enabled=&#8221;0&#8243;]Controleer eenvoudig de beschikbaarheid van de Perle des Meeres door de kalender hiernaast te raadplegen. Als de data beschikbaar zijn, verschijnt er in het boekingsformulier een prijs en onderaan het boekingsformulier verschijnt een knop die aangeeft dat deze data daadwerkelijk te boeken zijn.<\/p>\n<p>Lukt het niet om te boeken of heb je vragen? Neem gerust contact met ons op via <a href=\"mailto:info@juweldesmeeres.com\">info@juweldesmeeres.com<\/a>. We helpen je graag verder!<br \/>\n[\/et_pb_text][et_pb_code admin_label=&#8221;Boekingsformulier Perle&#8221; _builder_version=&#8221;4.27.4&#8243; _module_preset=&#8221;default&#8221; hover_enabled=&#8221;0&#8243; global_colors_info=&#8221;{}&#8221; theme_builder_area=&#8221;post_content&#8221; sticky_enabled=&#8221;0&#8243;]<\/p>\n<div id=\"apartmentIframe2712583\"><!-- [et_pb_line_break_holder] --><script type=\"text\/javascript\" src=\"https:\/\/login.smoobu.com\/js\/Settings\/BookingToolIframe.js\"><\/script><!-- [et_pb_line_break_holder] --><script>BookingToolIframe.initialize({\"url\": \"https:\/\/login.smoobu.com\/nl\/booking-tool\/iframe\/1026078\/2712583\", \"baseUrl\": \"https:\/\/login.smoobu.com\", \"target\": \"#apartmentIframe2712583\"})<\/script><!-- [et_pb_line_break_holder] --><\/div>\n<p>[\/et_pb_code][\/et_pb_column][et_pb_column type=&#8221;1_4&#8243; _builder_version=&#8221;4.27.3&#8243; _module_preset=&#8221;default&#8221; pac_dcm_carousel_specific_module_num=&#8221;0&#8243; global_colors_info=&#8221;{}&#8221; theme_builder_area=&#8221;post_content&#8221;][et_pb_text _builder_version=&#8221;4.27.4&#8243; _module_preset=&#8221;default&#8221; text_font=&#8221;Poppins|500|||||||&#8221; text_font_size=&#8221;16px&#8221; hover_enabled=&#8221;0&#8243; global_colors_info=&#8221;{}&#8221; theme_builder_area=&#8221;post_content&#8221; admin_label=&#8221;titel&#8221; sticky_enabled=&#8221;0&#8243;]<\/p>\n<p>Beschikbaarheid Perle des Meeres<\/p>\n<p>[\/et_pb_text][et_pb_text _builder_version=&#8221;4.27.4&#8243; _module_preset=&#8221;default&#8221; text_font=&#8221;Poppins|300|||||||&#8221; hover_enabled=&#8221;0&#8243; global_colors_info=&#8221;{}&#8221; theme_builder_area=&#8221;post_content&#8221; admin_label=&#8221;uitleg&#8221; sticky_enabled=&#8221;0&#8243;]<\/p>\n<p>Alles wat roodgekleurd is, is bezet<\/p>\n<p>[\/et_pb_text][et_pb_code admin_label=&#8221;Kalender&#8221; _builder_version=&#8221;4.27.4&#8243; _module_preset=&#8221;default&#8221; hover_enabled=&#8221;0&#8243; custom_css_free_form=&#8221;.multiCalendarWidget {||  max-width: 1000px !important;||  width: 100% !important;||  display: inline-table !important;||  background: #f9f9f9 !important;||  color: #000 !important;||  font: 300 100%\/1.5em &#8216;Poppins&#8217;, sans-serif !important;||  margin: 0 !important;||  padding-top: 20px !important;||  border-radius: 10px;||}||||.multiCalendarWidget .singleCalendarWidget table tbody, .multiCalendarWidget .singleCalendarWidget h2 table tbody {||  color: #666 !important;||  font-weight: 400;||}&#8221; global_colors_info=&#8221;{}&#8221; theme_builder_area=&#8221;post_content&#8221; sticky_enabled=&#8221;0&#8243;]<\/p>\n<div id=\"smoobuApartment2712583nl\" class=\"calendarWidget\">\n<div class=\"calendarContent\" data-load-calendar-url=\"https:\/\/login.smoobu.com\/nl\/cockpit\/widget\/single-calendar\/2712583\" data-verification=\"87edb848d538040f1a933255cfefeccd05ecb17d6de6bb3225964c30ac36a0f3\" data-baseUrl=\"https:\/\/login.smoobu.com\" data-disable-css=\"false\" ><\/div>\n<p> <script type=\"text\/javascript\" src=\"https:\/\/login.smoobu.com\/js\/Apartment\/CalendarWidget.js\"><\/script><\/div>\n<p>[\/et_pb_code][\/et_pb_column][\/et_pb_row][\/et_pb_section]<\/p>\n","protected":false},"excerpt":{"rendered":"<p>Boek Perle des MeeresControleer eenvoudig de beschikbaarheid van de Perle des Meeres door de kalender hiernaast te raadplegen. Als de data beschikbaar zijn, verschijnt er in het boekingsformulier een prijs en onderaan het boekingsformulier verschijnt een knop die aangeeft dat deze data daadwerkelijk te boeken zijn. Lukt het niet om te boeken of heb je [&hellip;]<\/p>\n","protected":false},"author":1,"featured_media":0,"parent":0,"menu_order":0,"comment_status":"closed","ping_status":"closed","template":"","meta":{"_et_pb_use_builder":"on","_et_pb_old_content":"","_et_gb_content_width":"","footnotes":""},"class_list":["post-252988","page","type-page","status-publish","hentry"],"_links":{"self":[{"href":"https:\/\/juweldesmeeres.com\/nl\/wp-json\/wp\/v2\/pages\/252988","targetHints":{"allow":["GET"]}}],"collection":[{"href":"https:\/\/juweldesmeeres.com\/nl\/wp-json\/wp\/v2\/pages"}],"about":[{"href":"https:\/\/juweldesmeeres.com\/nl\/wp-json\/wp\/v2\/types\/page"}],"author":[{"embeddable":true,"href":"https:\/\/juweldesmeeres.com\/nl\/wp-json\/wp\/v2\/users\/1"}],"replies":[{"embeddable":true,"href":"https:\/\/juweldesmeeres.com\/nl\/wp-json\/wp\/v2\/comments?post=252988"}],"version-history":[{"count":8,"href":"https:\/\/juweldesmeeres.com\/nl\/wp-json\/wp\/v2\/pages\/252988\/revisions"}],"predecessor-version":[{"id":253002,"href":"https:\/\/juweldesmeeres.com\/nl\/wp-json\/wp\/v2\/pages\/252988\/revisions\/253002"}],"wp:attachment":[{"href":"https:\/\/juweldesmeeres.com\/nl\/wp-json\/wp\/v2\/media?parent=252988"}],"curies":[{"name":"wp","href":"https:\/\/api.w.org\/{rel}","templated":true}]}}